{"id":2517,"date":"2018-09-18T09:05:39","date_gmt":"2018-09-18T07:05:39","guid":{"rendered":"https:\/\/darbau.eu\/offre\/"},"modified":"2022-04-07T14:01:19","modified_gmt":"2022-04-07T12:01:19","slug":"offre","status":"publish","type":"page","link":"https:\/\/darbau.eu\/fr\/offre\/","title":{"rendered":"Offre"},"content":{"rendered":"\t\t<div data-elementor-type=\"wp-post\" data-elementor-id=\"2517\" class=\"elementor elementor-2517 elementor-17\">\n\t\t\t\t\t\t\t\t\t<section class=\"elementor-section elementor-top-section elementor-element elementor-element-c88db5d elementor-section-content-middle elementor-section-boxed elementor-section-height-default elementor-section-height-default\" data-id=\"c88db5d\" data-element_type=\"section\" data-settings=\"{&quot;background_background&quot;:&quot;classic&quot;}\">\n\t\t\t\t\t\t\t<div class=\"elementor-background-overlay\"><\/div>\n\t\t\t\t\t\t\t<div class=\"elementor-container elementor-column-gap-no\">\n\t\t\t\t\t<div class=\"elementor-column elementor-col-100 elementor-top-column elementor-element elementor-element-e45c194\" data-id=\"e45c194\" data-element_type=\"column\">\n\t\t\t<div class=\"elementor-widget-wrap elementor-element-populated\">\n\t\t\t\t\t\t\t\t<div class=\"elementor-element elementor-element-890a45b elementor-align-left elementor-invisible elementor-widget elementor-widget-breadcrumbs\" data-id=\"890a45b\" data-element_type=\"widget\" data-settings=\"{&quot;_animation&quot;:&quot;fadeInUp&quot;}\" data-widget_type=\"breadcrumbs.default\">\n\t\t\t\t<div class=\"elementor-widget-container\">\n\t\t\t<span id=\"breadcrumbs\"><span><span><a href=\"https:\/\/darbau.eu\/fr\/\">Home<\/a><\/span><\/span>\t\t<\/div>\n\t\t\t\t<\/div>\n\t\t\t\t<div class=\"elementor-element elementor-element-000eca5 elementor-invisible elementor-widget elementor-widget-heading\" data-id=\"000eca5\" data-element_type=\"widget\" data-settings=\"{&quot;_animation&quot;:&quot;fadeInUp&quot;}\" data-widget_type=\"heading.default\">\n\t\t\t\t<div class=\"elementor-widget-container\">\n\t\t\t<h1 class=\"elementor-heading-title elementor-size-default\">Offre<\/h1>\t\t<\/div>\n\t\t\t\t<\/div>\n\t\t\t\t\t<\/div>\n\t\t<\/div>\n\t\t\t\t\t\t\t<\/div>\n\t\t<\/section>\n\t\t\t\t<section class=\"elementor-section elementor-top-section elementor-element elementor-element-53569744 elementor-section-boxed elementor-section-height-default elementor-section-height-default\" data-id=\"53569744\" data-element_type=\"section\" data-settings=\"{&quot;background_background&quot;:&quot;classic&quot;}\">\n\t\t\t\t\t\t<div class=\"elementor-container elementor-column-gap-no\">\n\t\t\t\t\t<div class=\"elementor-column elementor-col-100 elementor-top-column elementor-element elementor-element-5f3a88d3\" data-id=\"5f3a88d3\" data-element_type=\"column\">\n\t\t\t<div class=\"elementor-widget-wrap elementor-element-populated\">\n\t\t\t\t\t\t\t\t<div class=\"elementor-element elementor-element-22468906 elementor-invisible elementor-widget elementor-widget-heading\" data-id=\"22468906\" data-element_type=\"widget\" data-settings=\"{&quot;_animation&quot;:&quot;fadeInUp&quot;}\" data-widget_type=\"heading.default\">\n\t\t\t\t<div class=\"elementor-widget-container\">\n\t\t\t<h2 class=\"elementor-heading-title elementor-size-default\">Nous offrons \u00e0 nos clients:<\/h2>\t\t<\/div>\n\t\t\t\t<\/div>\n\t\t\t\t<div class=\"elementor-section elementor-inner-section elementor-element elementor-element-546e11c1 elementor-section-boxed elementor-section-height-default elementor-section-height-default\" data-id=\"546e11c1\" data-element_type=\"section\">\n\t\t\t\t\t\t<div class=\"elementor-container elementor-column-gap-no\">\n\t\t\t\t\t<div class=\"elementor-column elementor-col-50 elementor-inner-column elementor-element elementor-element-182144ae elementor-invisible\" data-id=\"182144ae\" data-element_type=\"column\" data-settings=\"{&quot;animation&quot;:&quot;fadeInUp&quot;}\">\n\t\t\t<div class=\"elementor-widget-wrap elementor-element-populated\">\n\t\t\t\t\t\t\t\t<div class=\"elementor-element elementor-element-81f04f6 elementor-widget elementor-widget-heading\" data-id=\"81f04f6\" data-element_type=\"widget\" data-widget_type=\"heading.default\">\n\t\t\t\t<div class=\"elementor-widget-container\">\n\t\t\t<h6 class=\"elementor-heading-title elementor-size-default\">01.<\/h6>\t\t<\/div>\n\t\t\t\t<\/div>\n\t\t\t\t<div class=\"elementor-element elementor-element-5abcb6ae elementor-widget elementor-widget-heading\" data-id=\"5abcb6ae\" data-element_type=\"widget\" data-widget_type=\"heading.default\">\n\t\t\t\t<div class=\"elementor-widget-container\">\n\t\t\t<h3 class=\"elementor-heading-title elementor-size-default\">Prestations de menuiserie<\/h3>\t\t<\/div>\n\t\t\t\t<\/div>\n\t\t\t\t<div class=\"elementor-element elementor-element-5c94b40d elementor-widget elementor-widget-text-editor\" data-id=\"5c94b40d\" data-element_type=\"widget\" data-widget_type=\"text-editor.default\">\n\t\t\t\t<div class=\"elementor-widget-container\">\n\t\t\t\t\t\t\t<p>Nous sommes un fabricant de meubles sur mesure et d&rsquo;escaliers autoportants en bois, acier, bois et acier. Nous produisons \u00e9galement des escaliers et contremarches pour b\u00e9ton sur commande individuelle.<\/p><p>Tous les mat\u00e9riaux proviennent des principaux fabricants de meubles et d&rsquo;accessoires de menuiserie.<\/p><p><strong>Nous avons des certificats d&rsquo;entreprises telles que:<\/strong><\/p><ul><li>Blum<\/li><li>Hettich<\/li><li>Egeer<\/li><li>Sevrol<\/li><\/ul>\t\t\t\t\t\t<\/div>\n\t\t\t\t<\/div>\n\t\t\t\t\t<\/div>\n\t\t<\/div>\n\t\t\t\t<div class=\"elementor-column elementor-col-50 elementor-inner-column elementor-element elementor-element-77281dc6 elementor-invisible\" data-id=\"77281dc6\" data-element_type=\"column\" data-settings=\"{&quot;animation&quot;:&quot;fadeInUp&quot;,&quot;animation_delay&quot;:100}\">\n\t\t\t<div class=\"elementor-widget-wrap elementor-element-populated\">\n\t\t\t\t\t\t\t\t<div class=\"elementor-element elementor-element-76b76a5e elementor-widget elementor-widget-heading\" data-id=\"76b76a5e\" data-element_type=\"widget\" data-widget_type=\"heading.default\">\n\t\t\t\t<div class=\"elementor-widget-container\">\n\t\t\t<h6 class=\"elementor-heading-title elementor-size-default\">02.<\/h6>\t\t<\/div>\n\t\t\t\t<\/div>\n\t\t\t\t<div class=\"elementor-element elementor-element-44366da8 elementor-widget elementor-widget-heading\" data-id=\"44366da8\" data-element_type=\"widget\" data-widget_type=\"heading.default\">\n\t\t\t\t<div class=\"elementor-widget-container\">\n\t\t\t<h3 class=\"elementor-heading-title elementor-size-default\">Services de construction et de r\u00e9novation<\/h3>\t\t<\/div>\n\t\t\t\t<\/div>\n\t\t\t\t<div class=\"elementor-element elementor-element-69bcc625 elementor-widget elementor-widget-text-editor\" data-id=\"69bcc625\" data-element_type=\"widget\" data-widget_type=\"text-editor.default\">\n\t\t\t\t<div class=\"elementor-widget-container\">\n\t\t\t\t\t\t\t<p>Nous fournissons des services de r\u00e9novation et de construction de la plus haute qualit\u00e9. Nous proposons, entre autres, la r\u00e9novation de fa\u00e7ades, le remplacement de portes et fen\u00eatres, la peinture int\u00e9rieur, fa\u00e7ade et autres \u00e9l\u00e9ments de maisons \u00e0 l&rsquo;ext\u00e9rieur.<\/p>\t\t\t\t\t\t<\/div>\n\t\t\t\t<\/div>\n\t\t\t\t<div class=\"elementor-element elementor-element-9b36c68 elementor-widget elementor-widget-heading\" data-id=\"9b36c68\" data-element_type=\"widget\" data-widget_type=\"heading.default\">\n\t\t\t\t<div class=\"elementor-widget-container\">\n\t\t\t<h6 class=\"elementor-heading-title elementor-size-default\">03.<\/h6>\t\t<\/div>\n\t\t\t\t<\/div>\n\t\t\t\t<div class=\"elementor-element elementor-element-135d44f0 elementor-widget elementor-widget-heading\" data-id=\"135d44f0\" data-element_type=\"widget\" data-widget_type=\"heading.default\">\n\t\t\t\t<div class=\"elementor-widget-container\">\n\t\t\t<h3 class=\"elementor-heading-title elementor-size-default\">Distribution de piscines<\/h3>\t\t<\/div>\n\t\t\t\t<\/div>\n\t\t\t\t<div class=\"elementor-element elementor-element-53c804a elementor-widget elementor-widget-text-editor\" data-id=\"53c804a\" data-element_type=\"widget\" data-widget_type=\"text-editor.default\">\n\t\t\t\t<div class=\"elementor-widget-container\">\n\t\t\t\t\t\t\t<p>Nous sommes distributeur de piscines, nous remplissons les obligations qui y sont li\u00e9es. Nous fournissons des piscines, jacuzzi et baignoires. Nous fournissons des services de la plus haute qualit\u00e9.<\/p>\t\t\t\t\t\t<\/div>\n\t\t\t\t<\/div>\n\t\t\t\t\t<\/div>\n\t\t<\/div>\n\t\t\t\t\t\t\t<\/div>\n\t\t<\/div>\n\t\t\t\t\t<\/div>\n\t\t<\/div>\n\t\t\t\t\t\t\t<\/div>\n\t\t<\/section>\n\t\t\t\t\t\t\t<\/div>\n\t\t","protected":false},"excerpt":{"rendered":"<p>Offre Nous offrons \u00e0 nos clients: 01. Prestations de menuiserie Nous sommes un fabricant de meubles sur mesure et d&rsquo;escaliers autoportants en bois, acier, bois et acier. Nous produisons \u00e9galement des escaliers et contremarches pour b\u00e9ton sur commande individuelle. Tous les mat\u00e9riaux proviennent des principaux fabricants de meubles et d&rsquo;accessoires de menuiserie. Nous avons des &hellip;<\/p>\n<p class=\"read-more\"> <a class=\"\" href=\"https:\/\/darbau.eu\/fr\/offre\/\"> <span class=\"screen-reader-text\">Offre<\/span> Lire la suite\u00a0\u00bb<\/a><\/p>\n","protected":false},"author":1,"featured_media":0,"parent":0,"menu_order":0,"comment_status":"closed","ping_status":"closed","template":"","meta":{"site-sidebar-layout":"no-sidebar","site-content-layout":"page-builder","ast-global-header-display":"","ast-main-header-display":"","ast-hfb-above-header-display":"","ast-hfb-below-header-display":"","ast-hfb-mobile-header-display":"","site-post-title":"disabled","ast-breadcrumbs-content":"","ast-featured-img":"disabled","footer-sml-layout":"","theme-transparent-header-meta":"enabled","adv-header-id-meta":"","stick-header-meta":"","header-above-stick-meta":"","header-main-stick-meta":"","header-below-stick-meta":""},"yoast_head":"<!-- This site is optimized with the Yoast SEO plugin v19.11 - https:\/\/yoast.com\/wordpress\/plugins\/seo\/ -->\n<title>Offre - DarBau<\/title>\n<meta name=\"description\" content=\"Offre.\" \/>\n<meta name=\"robots\" content=\"index, follow, max-snippet:-1, max-image-preview:large, max-video-preview:-1\" \/>\n<link rel=\"canonical\" href=\"https:\/\/darbau.eu\/fr\/offre\/\" \/>\n<meta property=\"og:locale\" content=\"fr_FR\" \/>\n<meta property=\"og:type\" content=\"article\" \/>\n<meta property=\"og:title\" content=\"Offre - DarBau\" \/>\n<meta property=\"og:description\" content=\"Offre.\" \/>\n<meta property=\"og:url\" content=\"https:\/\/darbau.eu\/fr\/offre\/\" \/>\n<meta property=\"og:site_name\" content=\"DarBau\" \/>\n<meta property=\"article:modified_time\" content=\"2022-04-07T12:01:19+00:00\" \/>\n<meta name=\"twitter:card\" content=\"summary_large_image\" \/>\n<meta name=\"twitter:label1\" content=\"Dur\u00e9e de lecture estim\u00e9e\" \/>\n\t<meta name=\"twitter:data1\" content=\"1 minute\" \/>\n<script type=\"application\/ld+json\" class=\"yoast-schema-graph\">{\"@context\":\"https:\/\/schema.org\",\"@graph\":[{\"@type\":\"WebPage\",\"@id\":\"https:\/\/darbau.eu\/fr\/offre\/\",\"url\":\"https:\/\/darbau.eu\/fr\/offre\/\",\"name\":\"Offre - DarBau\",\"isPartOf\":{\"@id\":\"https:\/\/darbau.eu\/#website\"},\"datePublished\":\"2018-09-18T07:05:39+00:00\",\"dateModified\":\"2022-04-07T12:01:19+00:00\",\"description\":\"Offre.\",\"breadcrumb\":{\"@id\":\"https:\/\/darbau.eu\/fr\/offre\/#breadcrumb\"},\"inLanguage\":\"fr-FR\",\"potentialAction\":[{\"@type\":\"ReadAction\",\"target\":[\"https:\/\/darbau.eu\/fr\/offre\/\"]}]},{\"@type\":\"BreadcrumbList\",\"@id\":\"https:\/\/darbau.eu\/fr\/offre\/#breadcrumb\",\"itemListElement\":[{\"@type\":\"ListItem\",\"position\":1,\"name\":\"Home\",\"item\":\"https:\/\/darbau.eu\/fr\/\"},{\"@type\":\"ListItem\",\"position\":2,\"name\":\"Offre\"}]},{\"@type\":\"WebSite\",\"@id\":\"https:\/\/darbau.eu\/#website\",\"url\":\"https:\/\/darbau.eu\/\",\"name\":\"DarBau\",\"description\":\"\",\"publisher\":{\"@id\":\"https:\/\/darbau.eu\/#organization\"},\"potentialAction\":[{\"@type\":\"SearchAction\",\"target\":{\"@type\":\"EntryPoint\",\"urlTemplate\":\"https:\/\/darbau.eu\/?s={search_term_string}\"},\"query-input\":\"required name=search_term_string\"}],\"inLanguage\":\"fr-FR\"},{\"@type\":\"Organization\",\"@id\":\"https:\/\/darbau.eu\/#organization\",\"name\":\"DarBau\",\"url\":\"https:\/\/darbau.eu\/\",\"logo\":{\"@type\":\"ImageObject\",\"inLanguage\":\"fr-FR\",\"@id\":\"https:\/\/darbau.eu\/#\/schema\/logo\/image\/\",\"url\":\"https:\/\/darbau.eu\/wp-content\/uploads\/2022\/03\/DarBau.svg\",\"contentUrl\":\"https:\/\/darbau.eu\/wp-content\/uploads\/2022\/03\/DarBau.svg\",\"width\":690,\"height\":588,\"caption\":\"DarBau\"},\"image\":{\"@id\":\"https:\/\/darbau.eu\/#\/schema\/logo\/image\/\"}}]}<\/script>\n<!-- \/ Yoast SEO plugin. -->","yoast_head_json":{"title":"Offre - DarBau","description":"Offre.","robots":{"index":"index","follow":"follow","max-snippet":"max-snippet:-1","max-image-preview":"max-image-preview:large","max-video-preview":"max-video-preview:-1"},"canonical":"https:\/\/darbau.eu\/fr\/offre\/","og_locale":"fr_FR","og_type":"article","og_title":"Offre - DarBau","og_description":"Offre.","og_url":"https:\/\/darbau.eu\/fr\/offre\/","og_site_name":"DarBau","article_modified_time":"2022-04-07T12:01:19+00:00","twitter_card":"summary_large_image","twitter_misc":{"Dur\u00e9e de lecture estim\u00e9e":"1 minute"},"schema":{"@context":"https:\/\/schema.org","@graph":[{"@type":"WebPage","@id":"https:\/\/darbau.eu\/fr\/offre\/","url":"https:\/\/darbau.eu\/fr\/offre\/","name":"Offre - DarBau","isPartOf":{"@id":"https:\/\/darbau.eu\/#website"},"datePublished":"2018-09-18T07:05:39+00:00","dateModified":"2022-04-07T12:01:19+00:00","description":"Offre.","breadcrumb":{"@id":"https:\/\/darbau.eu\/fr\/offre\/#breadcrumb"},"inLanguage":"fr-FR","potentialAction":[{"@type":"ReadAction","target":["https:\/\/darbau.eu\/fr\/offre\/"]}]},{"@type":"BreadcrumbList","@id":"https:\/\/darbau.eu\/fr\/offre\/#breadcrumb","itemListElement":[{"@type":"ListItem","position":1,"name":"Home","item":"https:\/\/darbau.eu\/fr\/"},{"@type":"ListItem","position":2,"name":"Offre"}]},{"@type":"WebSite","@id":"https:\/\/darbau.eu\/#website","url":"https:\/\/darbau.eu\/","name":"DarBau","description":"","publisher":{"@id":"https:\/\/darbau.eu\/#organization"},"potentialAction":[{"@type":"SearchAction","target":{"@type":"EntryPoint","urlTemplate":"https:\/\/darbau.eu\/?s={search_term_string}"},"query-input":"required name=search_term_string"}],"inLanguage":"fr-FR"},{"@type":"Organization","@id":"https:\/\/darbau.eu\/#organization","name":"DarBau","url":"https:\/\/darbau.eu\/","logo":{"@type":"ImageObject","inLanguage":"fr-FR","@id":"https:\/\/darbau.eu\/#\/schema\/logo\/image\/","url":"https:\/\/darbau.eu\/wp-content\/uploads\/2022\/03\/DarBau.svg","contentUrl":"https:\/\/darbau.eu\/wp-content\/uploads\/2022\/03\/DarBau.svg","width":690,"height":588,"caption":"DarBau"},"image":{"@id":"https:\/\/darbau.eu\/#\/schema\/logo\/image\/"}}]}},"_links":{"self":[{"href":"https:\/\/darbau.eu\/fr\/wp-json\/wp\/v2\/pages\/2517"}],"collection":[{"href":"https:\/\/darbau.eu\/fr\/wp-json\/wp\/v2\/pages"}],"about":[{"href":"https:\/\/darbau.eu\/fr\/wp-json\/wp\/v2\/types\/page"}],"author":[{"embeddable":true,"href":"https:\/\/darbau.eu\/fr\/wp-json\/wp\/v2\/users\/1"}],"replies":[{"embeddable":true,"href":"https:\/\/darbau.eu\/fr\/wp-json\/wp\/v2\/comments?post=2517"}],"version-history":[{"count":0,"href":"https:\/\/darbau.eu\/fr\/wp-json\/wp\/v2\/pages\/2517\/revisions"}],"wp:attachment":[{"href":"https:\/\/darbau.eu\/fr\/wp-json\/wp\/v2\/media?parent=2517"}],"curies":[{"name":"wp","href":"https:\/\/api.w.org\/{rel}","templated":true}]}}